{"id":218,"date":"2020-05-12T03:43:04","date_gmt":"2020-05-12T03:43:04","guid":{"rendered":"https:\/\/www.bismot.com\/about\/"},"modified":"2024-07-11T15:02:52","modified_gmt":"2024-07-11T12:02:52","slug":"%d9%85%d8%b9%d9%84%d9%88%d9%85%d8%a7%d8%aa-%d8%b9%d9%86%d8%a7","status":"publish","type":"page","link":"https:\/\/www.bismot.com\/ar\/hakkimizda\/","title":{"rendered":"\u0645\u0639\u0644\u0648\u0645\u0627\u062a \u0639\u0646\u0627"},"content":{"rendered":"<div class=\"wp-block-uagb-container uagb-block-f6474934 alignfull uagb-is-root-container\"><div class=\"uagb-container-inner-blocks-wrap\">\n<div class=\"wp-block-uagb-advanced-heading uagb-block-b47deef7\"><h1 class=\"uagb-heading-text\">\u0639\u0646\u0627<\/h1><\/div>\n<\/div><\/div>\n\n\n\n<div class=\"wp-block-uagb-container uagb-block-da5d164a alignfull uagb-is-root-container\"><div class=\"uagb-container-inner-blocks-wrap\">\n<div class=\"wp-block-uagb-container uagb-block-2b01c8b2\">\n<div class=\"wp-block-uagb-advanced-heading uagb-block-7d9c3655\"><h2 class=\"uagb-heading-text\">70 \u0639\u0627\u0645\u0627 \u0645\u0646 \u0627\u0644\u062e\u0628\u0631\u0629<\/h2><\/div>\n\n\n\n<p><\/p>\n\n\n\n<figure class=\"wp-block-image size-full is-resized\"><img loading=\"lazy\" decoding=\"async\" width=\"313\" height=\"140\" src=\"https:\/\/www.bismot.com\/wp-content\/uploads\/2023\/12\/70.yil_page-0001.jpg\" alt=\"\" class=\"wp-image-1237\" style=\"width:411px;height:auto\" srcset=\"https:\/\/www.bismot.com\/wp-content\/uploads\/2023\/12\/70.yil_page-0001.jpg 313w, https:\/\/www.bismot.com\/wp-content\/uploads\/2023\/12\/70.yil_page-0001-300x134.jpg 300w\" sizes=\"auto, (max-width: 313px) 100vw, 313px\" \/><\/figure>\n<\/div>\n\n\n\n<div class=\"wp-block-uagb-container uagb-block-fdfc0364\">\n<div class=\"wp-block-columns is-layout-flex wp-container-core-columns-is-layout-28f84493 wp-block-columns-is-layout-flex\">\n<div class=\"wp-block-column is-layout-flow wp-block-column-is-layout-flow\" style=\"flex-basis:100%\">\n<div class=\"wp-block-columns is-layout-flex wp-container-core-columns-is-layout-28f84493 wp-block-columns-is-layout-flex\">\n<div class=\"wp-block-column is-layout-flow wp-block-column-is-layout-flow\" style=\"flex-basis:100%\">\n<div class=\"wp-block-uagb-info-box uagb-block-0ef86749 uagb-infobox__content-wrap  uagb-infobox-icon-above-title uagb-infobox-image-valign-top\"><div class=\"uagb-ifb-content\"><div class=\"uagb-ifb-title-wrap\"><span class=\"uagb-ifb-title-prefix\"><strong>\u0627\u0644\u0628\u0632\u0645\u0648\u062a, <a href=\"http:\/\/www.oguzcanlar.com\">\u0645\u062c\u0645\u0648\u0639\u0629 \u0623\u0648\u063a\u0648\u0632\u0643\u0627\u0646\u0644\u0627\u0631<\/a>\u0625\u0646\u0647\u0627 \u0639\u0644\u0627\u0645\u0629 \u062a\u062c\u0627\u0631\u064a\u0629 \u0645\u0633\u062c\u0644\u0629 \u0644\u0644\u0623\u062b\u0627\u062b \u0627\u0644\u0645\u0646\u0632\u0644\u064a \u062a\u0627\u0628\u0639\u0629 \u0644\u0634\u0631\u0643\u0629 .<\/strong><br><br><br><strong>\u0645\u0646 \u0646\u062d\u0646\u061f<\/strong><br>\u062a\u0623\u0633\u0633\u062a \u0634\u0631\u0643\u062a\u0646\u0627 \u0645\u0646\u0630 70 \u0639\u0627\u0645\u064b\u0627 \u0643\u0645\u0624\u0633\u0633\u0629 \u0635\u063a\u064a\u0631\u0629 \u0628\u062f\u0623\u062a \u0628\u0625\u0635\u0644\u0627\u062d \u0622\u0644\u0627\u062a \u0627\u0644\u062e\u064a\u0627\u0637\u0629 \u0627\u0644\u062e\u0627\u0635\u0629 \u0628\u0643\u0628\u0627\u0631 \u0627\u0644\u0633\u0646. \u0645\u0646\u0630 \u062a\u0644\u0643 \u0627\u0644\u0623\u0648\u0642\u0627\u062a\u060c \u062a\u0637\u0648\u0631\u0646\u0627 \u0648\u0646\u0646\u0645\u0648 \u0628\u0627\u0633\u062a\u0645\u0631\u0627\u0631 \u062c\u0646\u0628\u064b\u0627 \u0625\u0644\u0649 \u062c\u0646\u0628 \u0645\u0639 \u0627\u0644\u062a\u0632\u0627\u0645\u0646\u0627 \u0628\u0627\u0644\u062c\u0648\u062f\u0629. \u0641\u064a \u0631\u062d\u0644\u0629 \u062a\u0645\u062a\u062f \u0645\u0646 \u0642\u0637\u0639 \u063a\u064a\u0627\u0631 \u0627\u0644\u062f\u0631\u0627\u062c\u0627\u062a \u0648\u0627\u0644\u0645\u062d\u0631\u0643\u0627\u062a \u0625\u0644\u0649 \u0645\u0646\u0635\u0627\u062a \u0627\u0644\u062a\u0644\u0641\u0632\u064a\u0648\u0646 \u0648\u0627\u0644\u0623\u062b\u0627\u062b \u0627\u0644\u0645\u0646\u0632\u0644\u064a\u060c \u062d\u0627\u0641\u0638\u0646\u0627 \u0639\u0644\u0649 \u0646\u0647\u062c\u0646\u0627 \u0627\u0644\u0645\u0648\u062c\u0647 \u0646\u062d\u0648 \u0627\u0644\u0627\u0628\u062a\u0643\u0627\u0631 \u0648\u0631\u0636\u0627 \u0627\u0644\u0639\u0645\u0644\u0627\u0621 \u0641\u064a \u0643\u0644 \u062e\u0637\u0648\u0629.<br><br><strong>\u0623\u0635\u0648\u0644\u0646\u0627 \u0648\u0642\u064a\u0645\u0646\u0627<\/strong><br>\u064a\u0639\u062a\u0645\u062f \u0623\u0633\u0627\u0633 \u0639\u0645\u0644\u0646\u0627 \u0639\u0644\u0649 \u0627\u0644\u0642\u064a\u0645 \u0627\u0644\u0639\u0627\u0626\u0644\u064a\u0629 \u0648\u0627\u0644\u062d\u0631\u0641\u064a\u0629 \u0648\u0627\u0644\u062a\u0641\u0627\u0646\u064a. \u0641\u064a \u0643\u0644 \u0645\u0646\u062a\u062c \u0645\u0646 \u0645\u0646\u062a\u062c\u0627\u062a\u0646\u0627\u060c \u0646\u0647\u062f\u0641 \u0625\u0644\u0649 \u062a\u0642\u062f\u064a\u0645 \u0627\u0644\u062c\u0648\u062f\u0629 \u0648\u0627\u0644\u0623\u062f\u0627\u0621 \u0627\u0644\u0648\u0638\u064a\u0641\u064a \u0644\u0639\u0645\u0644\u0627\u0626\u0646\u0627 \u0645\u0646 \u062e\u0644\u0627\u0644 \u0627\u0644\u062c\u0645\u0639 \u0628\u064a\u0646 \u062f\u0631\u0648\u0633 \u0645\u0627\u0636\u064a\u0646\u0627 \u0648\u062a\u0643\u0646\u0648\u0644\u0648\u062c\u064a\u0627 \u0627\u0644\u064a\u0648\u0645. \u0645\u0646\u0630 \u0627\u0644\u0628\u062f\u0627\u064a\u0629\u060c \u0627\u0644\u0635\u062f\u0642 \u0648\u0627\u0644\u0645\u0648\u062b\u0648\u0642\u064a\u0629 \u0648\u0631\u0636\u0627 \u0627\u0644\u0639\u0645\u0644\u0627\u0621<br>\u0646\u062d\u0646 \u0646\u0624\u0645\u0646 \u0628\u0623\u0646 \u0642\u064a\u0645\u0646\u0627 \u0647\u064a \u0645\u062d\u0648\u0631 \u0627\u0644\u062a\u0631\u0643\u064a\u0632 \u0627\u0644\u0631\u0626\u064a\u0633\u064a.<br><br><strong>\u0631\u0624\u064a\u062a\u0646\u0627<\/strong><br>\u0645\u0633\u062a\u0648\u062d\u0627\u0629 \u0645\u0646 \u0645\u0627\u0636\u064a\u0646\u0627\u060c \u0648\u0646\u062d\u0646 \u0646\u0631\u0643\u0632 \u0639\u0644\u0649 \u0627\u0644\u0645\u0633\u062a\u0642\u0628\u0644. \u0647\u062f\u0641\u0646\u0627 \u0647\u0648 \u062a\u0642\u062f\u064a\u0645 \u0627\u0644\u0645\u0646\u062a\u062c\u0627\u062a \u0627\u0644\u062a\u064a \u062a\u0645\u062b\u0644\u0643 \u0628\u0633\u0647\u0648\u0644\u0629 \u0628\u064a\u0646\u0645\u0627 \u062a\u062c\u0639\u0644 \u0639\u0645\u0644\u0643 \u0623\u0643\u062b\u0631 \u0645\u0644\u0627\u0621\u0645\u0629 \u0644\u0644\u0639\u064a\u0634 \u0648\u0645\u062b\u064a\u0631\u064b\u0627 \u0644\u0644\u0625\u0639\u062c\u0627\u0628 \u0645\u0646 \u0627\u0644\u0646\u0627\u062d\u064a\u0629 \u0627\u0644\u062c\u0645\u0627\u0644\u064a\u0629. \u0646\u062d\u0646 \u0646\u0647\u062f\u0641 \u0625\u0644\u0649 \u0628\u0646\u0627\u0621 \u0645\u0633\u062a\u0642\u0628\u0644 \u0645\u0633\u062a\u062f\u0627\u0645 \u0645\u0646 \u062e\u0644\u0627\u0644 \u0627\u0644\u062c\u0645\u0639 \u0628\u064a\u0646 \u0627\u0644\u062a\u0643\u0646\u0648\u0644\u0648\u062c\u064a\u0627 \u0648\u0627\u0644\u0625\u0628\u062f\u0627\u0639\u060c \u0645\u0639 \u0645\u0631\u0627\u0639\u0627\u0629 \u0631\u0636\u0627 \u0627\u0644\u0639\u0645\u0644\u0627\u0621 \u0641\u064a \u0627\u0644\u0645\u0642\u0627\u0645 \u0627\u0644\u0623\u0648\u0644.<br><br><strong>\u0642\u0627\u0628\u0644\u0646\u0627<\/strong><br>\u0646\u062d\u0646 \u0646\u0647\u062f\u0641 \u0625\u0644\u0649 \u0625\u0642\u0627\u0645\u0629 \u0639\u0644\u0627\u0642\u0627\u062a \u0642\u0648\u064a\u0629 \u0645\u0639\u0643 \u0648\u062a\u0642\u062f\u064a\u0645 \u0627\u0644\u0645\u0646\u062a\u062c\u0627\u062a \u0627\u0644\u062a\u064a \u0633\u062a\u0645\u064a\u0632 \u0645\u0646\u0634\u0623\u062a\u0643. \u0646\u062d\u0646 \u0646\u062f\u0639\u0648\u0643 \u0644\u0625\u0636\u0627\u0641\u0629 \u0627\u0644\u0642\u064a\u0645\u0629 \u0648\u0627\u0644\u0631\u0627\u062d\u0629 \u0644\u0639\u0645\u0644\u0643.<\/span><\/div><\/div><\/div>\n<\/div>\n<\/div>\n<\/div>\n<\/div>\n\n\n\n<div class=\"wp-block-uagb-advanced-heading uagb-block-930e46bc\"><h3 class=\"uagb-heading-text\">\u0623\u062b\u0627\u062b \u0628\u0633\u0645\u0648\u062a<\/h3><\/div>\n<\/div>\n<\/div><\/div>\n\n\n\n<figure class=\"wp-block-embed is-type-video is-provider-youtube wp-block-embed-youtube wp-embed-aspect-16-9 wp-has-aspect-ratio\"><div class=\"wp-block-embed__wrapper\">\n<iframe loading=\"lazy\" title=\"\u0627\u0644\u0641\u064a\u0644\u0645 \u0627\u0644\u062a\u0631\u0648\u064a\u062c\u064a 2024 \u0628\u0633\u0645\u0648\u062a\" width=\"500\" height=\"281\" src=\"https:\/\/www.youtube.com\/embed\/v1IcdxGV-TY?feature=oembed\" frameborder=\"0\" allow=\"accelerometer; autoplay; clipboard-write; encrypted-media; gyroscope; picture-in-picture; web-share\" referrerpolicy=\"strict-origin-when-cross-origin\" allowfullscreen><\/iframe>\n<\/div><\/figure>","protected":false},"excerpt":{"rendered":"<p>\u0645\u0646 \u0646\u062d\u0646 70 \u0639\u0627\u0645\u0627\u064b \u0645\u0646 \u0627\u0644\u062e\u0628\u0631\u0629 70 \u0639\u0627\u0645\u0627\u064b \u0645\u0646 \u0627\u0644\u062e\u0628\u0631\u0629 \u0623\u062b\u0627\u062b \u0628\u0633\u0645\u0648\u062a<\/p>","protected":false},"author":1,"featured_media":0,"parent":0,"menu_order":0,"comment_status":"closed","ping_status":"closed","template":"","meta":{"_uag_custom_page_level_css":"","site-sidebar-layout":"no-sidebar","site-content-layout":"plain-container","ast-site-content-layout":"normal-width-container","site-content-style":"unboxed","site-sidebar-style":"unboxed","ast-global-header-display":"","ast-banner-title-visibility":"","ast-main-header-display":"","ast-hfb-above-header-display":"","ast-hfb-below-header-display":"","ast-hfb-mobile-header-display":"","site-post-title":"disabled","ast-breadcrumbs-content":"","ast-featured-img":"disabled","footer-sml-layout":"","ast-disable-related-posts":"","theme-transparent-header-meta":"enabled","adv-header-id-meta":"","stick-header-meta":"","header-above-stick-meta":"","header-main-stick-meta":"","header-below-stick-meta":"","astra-migrate-meta-layouts":"set","ast-page-background-enabled":"default","ast-page-background-meta":{"desktop":{"background-color":"","background-image":"","background-repeat":"repeat","background-position":"center center","background-size":"auto","background-attachment":"scroll","background-type":"","background-media":"","overlay-type":"","overlay-color":"","overlay-opacity":"","overlay-gradient":""},"tablet":{"background-color":"","background-image":"","background-repeat":"repeat","background-position":"center center","background-size":"auto","background-attachment":"scroll","background-type":"","background-media":"","overlay-type":"","overlay-color":"","overlay-opacity":"","overlay-gradient":""},"mobile":{"background-color":"","background-image":"","background-repeat":"repeat","background-position":"center center","background-size":"auto","background-attachment":"scroll","background-type":"","background-media":"","overlay-type":"","overlay-color":"","overlay-opacity":"","overlay-gradient":""}},"ast-content-background-meta":{"desktop":{"background-color":"var(--ast-global-color-5)","background-image":"","background-repeat":"repeat","background-position":"center center","background-size":"auto","background-attachment":"scroll","background-type":"","background-media":"","overlay-type":"","overlay-color":"","overlay-opacity":"","overlay-gradient":""},"tablet":{"background-color":"var(--ast-global-color-5)","background-image":"","background-repeat":"repeat","background-position":"center center","background-size":"auto","background-attachment":"scroll","background-type":"","background-media":"","overlay-type":"","overlay-color":"","overlay-opacity":"","overlay-gradient":""},"mobile":{"background-color":"var(--ast-global-color-5)","background-image":"","background-repeat":"repeat","background-position":"center center","background-size":"auto","background-attachment":"scroll","background-type":"","background-media":"","overlay-type":"","overlay-color":"","overlay-opacity":"","overlay-gradient":""}},"footnotes":""},"class_list":["post-218","page","type-page","status-publish","hentry"],"yoast_head":"<!-- This site is optimized with the Yoast SEO plugin v27.3 - https:\/\/yoast.com\/product\/yoast-seo-wordpress\/ -->\n<title>Hakk\u0131m\u0131zda - Bismot<\/title>\n<meta name=\"description\" content=\"\u015eirketimiz, 70 y\u0131l \u00f6nce, aile b\u00fcy\u00fcklerimizin ba\u015flatt\u0131\u011f\u0131 k\u00fc\u00e7\u00fck bir giri\u015fimle do\u011fdu. Bismot bu \u00e7aban\u0131n \u00f6nemli markalar\u0131ndan biridir.\" \/>\n<meta name=\"robots\" content=\"index, follow, max-snippet:-1, max-image-preview:large, max-video-preview:-1\" \/>\n<link rel=\"canonical\" href=\"https:\/\/www.bismot.com\/ar\/\u0645\u0639\u0644\u0648\u0645\u0627\u062a-\u0639\u0646\u0627\/\" \/>\n<meta property=\"og:locale\" content=\"ar_AR\" \/>\n<meta property=\"og:type\" content=\"article\" \/>\n<meta property=\"og:title\" content=\"Hakk\u0131m\u0131zda - Bismot\" \/>\n<meta property=\"og:description\" content=\"\u015eirketimiz, 70 y\u0131l \u00f6nce, aile b\u00fcy\u00fcklerimizin ba\u015flatt\u0131\u011f\u0131 k\u00fc\u00e7\u00fck bir giri\u015fimle do\u011fdu. Bismot bu \u00e7aban\u0131n \u00f6nemli markalar\u0131ndan biridir.\" \/>\n<meta property=\"og:url\" content=\"https:\/\/www.bismot.com\/ar\/\u0645\u0639\u0644\u0648\u0645\u0627\u062a-\u0639\u0646\u0627\/\" \/>\n<meta property=\"og:site_name\" content=\"Bismot\" \/>\n<meta property=\"article:publisher\" content=\"https:\/\/www.facebook.com\/bismotmobilya\" \/>\n<meta property=\"article:modified_time\" content=\"2024-07-11T12:02:52+00:00\" \/>\n<meta property=\"og:image\" content=\"https:\/\/www.bismot.com\/wp-content\/uploads\/2023\/12\/70.yil_page-0001.jpg\" \/>\n<meta name=\"twitter:card\" content=\"summary_large_image\" \/>\n<meta name=\"twitter:label1\" content=\"\u0648\u0642\u062a \u0627\u0644\u0642\u0631\u0627\u0621\u0629 \u0627\u0644\u0645\u064f\u0642\u062f\u0651\u0631\" \/>\n\t<meta name=\"twitter:data1\" content=\"\u062f\u0642\u064a\u0642\u062a\u0627\u0646\" \/>\n<script type=\"application\/ld+json\" class=\"yoast-schema-graph\">{\"@context\":\"https:\\\/\\\/schema.org\",\"@graph\":[{\"@type\":\"WebPage\",\"@id\":\"https:\\\/\\\/www.bismot.com\\\/hakkimizda\\\/\",\"url\":\"https:\\\/\\\/www.bismot.com\\\/hakkimizda\\\/\",\"name\":\"Hakk\u0131m\u0131zda - Bismot\",\"isPartOf\":{\"@id\":\"https:\\\/\\\/www.bismot.com\\\/#website\"},\"primaryImageOfPage\":{\"@id\":\"https:\\\/\\\/www.bismot.com\\\/hakkimizda\\\/#primaryimage\"},\"image\":{\"@id\":\"https:\\\/\\\/www.bismot.com\\\/hakkimizda\\\/#primaryimage\"},\"thumbnailUrl\":\"https:\\\/\\\/www.bismot.com\\\/wp-content\\\/uploads\\\/2023\\\/12\\\/70.yil_page-0001.jpg\",\"datePublished\":\"2020-05-12T03:43:04+00:00\",\"dateModified\":\"2024-07-11T12:02:52+00:00\",\"description\":\"\u015eirketimiz, 70 y\u0131l \u00f6nce, aile b\u00fcy\u00fcklerimizin ba\u015flatt\u0131\u011f\u0131 k\u00fc\u00e7\u00fck bir giri\u015fimle do\u011fdu. Bismot bu \u00e7aban\u0131n \u00f6nemli markalar\u0131ndan biridir.\",\"breadcrumb\":{\"@id\":\"https:\\\/\\\/www.bismot.com\\\/hakkimizda\\\/#breadcrumb\"},\"inLanguage\":\"ar\",\"potentialAction\":[{\"@type\":\"ReadAction\",\"target\":[\"https:\\\/\\\/www.bismot.com\\\/hakkimizda\\\/\"]}]},{\"@type\":\"ImageObject\",\"inLanguage\":\"ar\",\"@id\":\"https:\\\/\\\/www.bismot.com\\\/hakkimizda\\\/#primaryimage\",\"url\":\"https:\\\/\\\/www.bismot.com\\\/wp-content\\\/uploads\\\/2023\\\/12\\\/70.yil_page-0001.jpg\",\"contentUrl\":\"https:\\\/\\\/www.bismot.com\\\/wp-content\\\/uploads\\\/2023\\\/12\\\/70.yil_page-0001.jpg\"},{\"@type\":\"BreadcrumbList\",\"@id\":\"https:\\\/\\\/www.bismot.com\\\/hakkimizda\\\/#breadcrumb\",\"itemListElement\":[{\"@type\":\"ListItem\",\"position\":1,\"name\":\"Anasayfa\",\"item\":\"https:\\\/\\\/www.bismot.com\\\/\"},{\"@type\":\"ListItem\",\"position\":2,\"name\":\"Hakk\u0131m\u0131zda\"}]},{\"@type\":\"WebSite\",\"@id\":\"https:\\\/\\\/www.bismot.com\\\/#website\",\"url\":\"https:\\\/\\\/www.bismot.com\\\/\",\"name\":\"Bismot\",\"description\":\"Ev Mobilyalar\u0131\",\"publisher\":{\"@id\":\"https:\\\/\\\/www.bismot.com\\\/#organization\"},\"potentialAction\":[{\"@type\":\"SearchAction\",\"target\":{\"@type\":\"EntryPoint\",\"urlTemplate\":\"https:\\\/\\\/www.bismot.com\\\/?s={search_term_string}\"},\"query-input\":{\"@type\":\"PropertyValueSpecification\",\"valueRequired\":true,\"valueName\":\"search_term_string\"}}],\"inLanguage\":\"ar\"},{\"@type\":\"Organization\",\"@id\":\"https:\\\/\\\/www.bismot.com\\\/#organization\",\"name\":\"Bismot Mobilya\",\"url\":\"https:\\\/\\\/www.bismot.com\\\/\",\"logo\":{\"@type\":\"ImageObject\",\"inLanguage\":\"ar\",\"@id\":\"https:\\\/\\\/www.bismot.com\\\/#\\\/schema\\\/logo\\\/image\\\/\",\"url\":\"https:\\\/\\\/www.bismot.com\\\/wp-content\\\/uploads\\\/2023\\\/11\\\/Isimsiz-1-e1701157076423.png\",\"contentUrl\":\"https:\\\/\\\/www.bismot.com\\\/wp-content\\\/uploads\\\/2023\\\/11\\\/Isimsiz-1-e1701157076423.png\",\"width\":150,\"height\":74,\"caption\":\"Bismot Mobilya\"},\"image\":{\"@id\":\"https:\\\/\\\/www.bismot.com\\\/#\\\/schema\\\/logo\\\/image\\\/\"},\"sameAs\":[\"https:\\\/\\\/www.facebook.com\\\/bismotmobilya\",\"https:\\\/\\\/www.youtube.com\\\/c\\\/bismotstands\"]}]}<\/script>\n<!-- \/ Yoast SEO plugin. -->","yoast_head_json":{"title":"\u0645\u0646 \u0646\u062d\u0646 - \u0628\u0633\u0645\u0648\u062a","description":"\u062a\u0623\u0633\u0633\u062a \u0634\u0631\u0643\u062a\u0646\u0627 \u0645\u0646\u0630 70 \u0639\u0627\u0645\u064b\u0627\u060c \u0643\u0645\u0628\u0627\u062f\u0631\u0629 \u0635\u063a\u064a\u0631\u0629 \u0628\u062f\u0623\u0647\u0627 \u0643\u0628\u0627\u0631\u0646\u0627. \u064a\u0639\u062f \u0627\u0644\u0628\u0632\u0645\u0648\u062a \u0623\u062d\u062f \u0627\u0644\u0639\u0644\u0627\u0645\u0627\u062a \u0627\u0644\u062a\u062c\u0627\u0631\u064a\u0629 \u0627\u0644\u0645\u0647\u0645\u0629 \u0644\u0647\u0630\u0627 \u0627\u0644\u062c\u0647\u062f.","robots":{"index":"index","follow":"follow","max-snippet":"max-snippet:-1","max-image-preview":"max-image-preview:large","max-video-preview":"max-video-preview:-1"},"canonical":"https:\/\/www.bismot.com\/ar\/\u0645\u0639\u0644\u0648\u0645\u0627\u062a-\u0639\u0646\u0627\/","og_locale":"ar_AR","og_type":"article","og_title":"Hakk\u0131m\u0131zda - Bismot","og_description":"\u015eirketimiz, 70 y\u0131l \u00f6nce, aile b\u00fcy\u00fcklerimizin ba\u015flatt\u0131\u011f\u0131 k\u00fc\u00e7\u00fck bir giri\u015fimle do\u011fdu. Bismot bu \u00e7aban\u0131n \u00f6nemli markalar\u0131ndan biridir.","og_url":"https:\/\/www.bismot.com\/ar\/\u0645\u0639\u0644\u0648\u0645\u0627\u062a-\u0639\u0646\u0627\/","og_site_name":"Bismot","article_publisher":"https:\/\/www.facebook.com\/bismotmobilya","article_modified_time":"2024-07-11T12:02:52+00:00","og_image":[{"url":"https:\/\/www.bismot.com\/wp-content\/uploads\/2023\/12\/70.yil_page-0001.jpg","type":"","width":"","height":""}],"twitter_card":"summary_large_image","twitter_misc":{"\u0648\u0642\u062a \u0627\u0644\u0642\u0631\u0627\u0621\u0629 \u0627\u0644\u0645\u064f\u0642\u062f\u0651\u0631":"\u062f\u0642\u064a\u0642\u062a\u0627\u0646"},"schema":{"@context":"https:\/\/schema.org","@graph":[{"@type":"WebPage","@id":"https:\/\/www.bismot.com\/hakkimizda\/","url":"https:\/\/www.bismot.com\/hakkimizda\/","name":"\u0645\u0646 \u0646\u062d\u0646 - \u0628\u0633\u0645\u0648\u062a","isPartOf":{"@id":"https:\/\/www.bismot.com\/#website"},"primaryImageOfPage":{"@id":"https:\/\/www.bismot.com\/hakkimizda\/#primaryimage"},"image":{"@id":"https:\/\/www.bismot.com\/hakkimizda\/#primaryimage"},"thumbnailUrl":"https:\/\/www.bismot.com\/wp-content\/uploads\/2023\/12\/70.yil_page-0001.jpg","datePublished":"2020-05-12T03:43:04+00:00","dateModified":"2024-07-11T12:02:52+00:00","description":"\u062a\u0623\u0633\u0633\u062a \u0634\u0631\u0643\u062a\u0646\u0627 \u0645\u0646\u0630 70 \u0639\u0627\u0645\u064b\u0627\u060c \u0643\u0645\u0628\u0627\u062f\u0631\u0629 \u0635\u063a\u064a\u0631\u0629 \u0628\u062f\u0623\u0647\u0627 \u0643\u0628\u0627\u0631\u0646\u0627. \u064a\u0639\u062f \u0627\u0644\u0628\u0632\u0645\u0648\u062a \u0623\u062d\u062f \u0627\u0644\u0639\u0644\u0627\u0645\u0627\u062a \u0627\u0644\u062a\u062c\u0627\u0631\u064a\u0629 \u0627\u0644\u0645\u0647\u0645\u0629 \u0644\u0647\u0630\u0627 \u0627\u0644\u062c\u0647\u062f.","breadcrumb":{"@id":"https:\/\/www.bismot.com\/hakkimizda\/#breadcrumb"},"inLanguage":"ar","potentialAction":[{"@type":"ReadAction","target":["https:\/\/www.bismot.com\/hakkimizda\/"]}]},{"@type":"ImageObject","inLanguage":"ar","@id":"https:\/\/www.bismot.com\/hakkimizda\/#primaryimage","url":"https:\/\/www.bismot.com\/wp-content\/uploads\/2023\/12\/70.yil_page-0001.jpg","contentUrl":"https:\/\/www.bismot.com\/wp-content\/uploads\/2023\/12\/70.yil_page-0001.jpg"},{"@type":"BreadcrumbList","@id":"https:\/\/www.bismot.com\/hakkimizda\/#breadcrumb","itemListElement":[{"@type":"ListItem","position":1,"name":"Anasayfa","item":"https:\/\/www.bismot.com\/"},{"@type":"ListItem","position":2,"name":"Hakk\u0131m\u0131zda"}]},{"@type":"WebSite","@id":"https:\/\/www.bismot.com\/#website","url":"https:\/\/www.bismot.com\/","name":"\u0627\u0644\u0628\u0632\u0645\u0648\u062a","description":"\u0627\u0644\u0623\u062b\u0627\u062b \u0627\u0644\u0645\u0646\u0632\u0644\u064a","publisher":{"@id":"https:\/\/www.bismot.com\/#organization"},"potentialAction":[{"@type":"SearchAction","target":{"@type":"EntryPoint","urlTemplate":"https:\/\/www.bismot.com\/?s={search_term_string}"},"query-input":{"@type":"PropertyValueSpecification","valueRequired":true,"valueName":"search_term_string"}}],"inLanguage":"ar"},{"@type":"Organization","@id":"https:\/\/www.bismot.com\/#organization","name":"\u0623\u062b\u0627\u062b \u0628\u0633\u0645\u0648\u062a","url":"https:\/\/www.bismot.com\/","logo":{"@type":"ImageObject","inLanguage":"ar","@id":"https:\/\/www.bismot.com\/#\/schema\/logo\/image\/","url":"https:\/\/www.bismot.com\/wp-content\/uploads\/2023\/11\/Isimsiz-1-e1701157076423.png","contentUrl":"https:\/\/www.bismot.com\/wp-content\/uploads\/2023\/11\/Isimsiz-1-e1701157076423.png","width":150,"height":74,"caption":"Bismot Mobilya"},"image":{"@id":"https:\/\/www.bismot.com\/#\/schema\/logo\/image\/"},"sameAs":["https:\/\/www.facebook.com\/bismotmobilya","https:\/\/www.youtube.com\/c\/bismotstands"]}]}},"spectra_custom_meta":{"_dp_has_rewrite_republish_copy":["710"],"_customize_changeset_uuid":["7ea8d74f-2dab-47fb-af06-cd79564e124a"],"site-sidebar-layout":["no-sidebar"],"site-content-layout":["plain-container"],"theme-transparent-header-meta":["enabled"],"site-post-title":["disabled"],"ast-featured-img":["disabled"],"astra-main-page-id":["48349"],"_yoast_wpseo_estimated-reading-time-minutes":["2"],"ast_ist_mapping":["O:8:\"stdClass\":0:{}"],"ast_self_id_48349":["1"],"_yoast_wpseo_content_score":["90"],"_wxr_import_user_slug":["rishabhm"],"_astra_sites_imported_post":["1"],"_astra_sites_enable_for_batch":["1"],"_edit_lock":["1720699378:1"],"_uag_custom_page_level_css":[""],"ast-site-content-layout":["normal-width-container"],"site-content-style":["unboxed"],"site-sidebar-style":["unboxed"],"adv-header-id-meta":[""],"stick-header-meta":[""],"astra-migrate-meta-layouts":["set"],"footnotes":[""],"_edit_last":["1"],"_aioseo_title":[null],"_aioseo_description":[null],"_aioseo_keywords":[""],"_aioseo_og_title":[null],"_aioseo_og_description":[null],"_aioseo_og_article_section":[""],"_aioseo_og_article_tags":[""],"_aioseo_twitter_title":[null],"_aioseo_twitter_description":[null],"_yoast_wpseo_focuskw":["Hakk\u0131m\u0131zda"],"_yoast_wpseo_linkdex":["49"],"_yoast_wpseo_wordproof_timestamp":[""],"_yoast_wpseo_metadesc":["\u015eirketimiz, 70 y\u0131l \u00f6nce, aile b\u00fcy\u00fcklerimizin ba\u015flatt\u0131\u011f\u0131 k\u00fc\u00e7\u00fck bir giri\u015fimle do\u011fdu. Bismot bu \u00e7aban\u0131n \u00f6nemli markalar\u0131ndan biridir."],"_yoast_wpseo_title":["%%title%% %%page%% %%sep%% %%sitename%%"],"_oembed_2c6adb45e8b3a5242194c484cbda9880":["<iframe title=\"2024 Bismot Tan\u0131t\u0131m Filmi\" width=\"500\" height=\"281\" src=\"https:\/\/www.youtube.com\/embed\/v1IcdxGV-TY?feature=oembed\" frameborder=\"0\" allow=\"accelerometer; autoplay; clipboard-write; encrypted-media; gyroscope; picture-in-picture; web-share\" referrerpolicy=\"strict-origin-when-cross-origin\" allowfullscreen><\/iframe>"],"_oembed_time_2c6adb45e8b3a5242194c484cbda9880":["1720699328"],"_oembed_c2c39d4ac609b01a26ebfabb414f4049":["<iframe title=\"2024 Bismot Tan\u0131t\u0131m Filmi\" width=\"1200\" height=\"675\" src=\"https:\/\/www.youtube.com\/embed\/v1IcdxGV-TY?feature=oembed\" frameborder=\"0\" allow=\"accelerometer; autoplay; clipboard-write; encrypted-media; gyroscope; picture-in-picture; web-share\" referrerpolicy=\"strict-origin-when-cross-origin\" allowfullscreen><\/iframe>"],"_oembed_time_c2c39d4ac609b01a26ebfabb414f4049":["1720699336"],"_trp_automatically_translated_slug_en_US":["about-us"],"_trp_automatically_translated_slug_ar":["\u0645\u0639\u0644\u0648\u0645\u0627\u062a-\u0639\u0646\u0627"],"_trp_automatically_translated_slug_fr_FR":["a-propos-de-nous"],"_uag_css_file_name":["uag-css-218.css"],"_uag_js_file_name":["uag-js-218.js"]},"uagb_featured_image_src":{"full":false,"thumbnail":false,"medium":false,"medium_large":false,"large":false,"1536x1536":false,"2048x2048":false,"trp-custom-language-flag":false},"uagb_author_info":{"display_name":"Bismot","author_link":"https:\/\/www.bismot.com\/ar\/author\/admin\/"},"uagb_comment_info":0,"uagb_excerpt":"Hakk\u0131m\u0131zda\u200b 70 Y\u0131ll\u0131k Deneyim Bismot Mobilya","_links":{"self":[{"href":"https:\/\/www.bismot.com\/ar\/wp-json\/wp\/v2\/pages\/218","targetHints":{"allow":["GET"]}}],"collection":[{"href":"https:\/\/www.bismot.com\/ar\/wp-json\/wp\/v2\/pages"}],"about":[{"href":"https:\/\/www.bismot.com\/ar\/wp-json\/wp\/v2\/types\/page"}],"author":[{"embeddable":true,"href":"https:\/\/www.bismot.com\/ar\/wp-json\/wp\/v2\/users\/1"}],"replies":[{"embeddable":true,"href":"https:\/\/www.bismot.com\/ar\/wp-json\/wp\/v2\/comments?post=218"}],"version-history":[{"count":0,"href":"https:\/\/www.bismot.com\/ar\/wp-json\/wp\/v2\/pages\/218\/revisions"}],"wp:attachment":[{"href":"https:\/\/www.bismot.com\/ar\/wp-json\/wp\/v2\/media?parent=218"}],"curies":[{"name":"\u062f\u0628\u0644\u064a\u0648 \u0628\u064a","href":"https:\/\/api.w.org\/{rel}","templated":true}]}}